{"id":146,"date":"2022-08-29T12:04:08","date_gmt":"2022-08-29T10:04:08","guid":{"rendered":"https:\/\/www.moodeco.fr\/?page_id=146"},"modified":"2022-11-21T12:35:37","modified_gmt":"2022-11-21T11:35:37","slug":"accueil","status":"publish","type":"page","link":"https:\/\/www.moodeco.fr\/index.php\/accueil\/","title":{"rendered":"Accueil"},"content":{"rendered":"\t\t<div data-elementor-type=\"wp-page\" data-elementor-id=\"146\" class=\"elementor elementor-146\">\n\t\t\t\t\t\t\t\t\t<section class=\"elementor-section elementor-top-section elementor-element elementor-element-62d607a elementor-section-boxed elementor-section-height-default elementor-section-height-default\" data-id=\"62d607a\" data-element_type=\"section\">\n\t\t\t\t\t\t<div class=\"elementor-container elementor-column-gap-default\">\n\t\t\t\t\t<div class=\"elementor-column elementor-col-100 elementor-top-column elementor-element elementor-element-96b09a6\" data-id=\"96b09a6\" data-element_type=\"column\">\n\t\t\t<div class=\"elementor-widget-wrap elementor-element-populated\">\n\t\t\t\t\t\t\t\t<div class=\"elementor-element elementor-element-b97def6 elementor-widget elementor-widget-heading\" data-id=\"b97def6\" data-element_type=\"widget\" data-widget_type=\"heading.default\">\n\t\t\t\t<div class=\"elementor-widget-container\">\n\t\t\t<style>\/*! elementor - v3.8.0 - 30-10-2022 *\/\n.elementor-heading-title{padding:0;margin:0;line-height:1}.elementor-widget-heading .elementor-heading-title[class*=elementor-size-]>a{color:inherit;font-size:inherit;line-height:inherit}.elementor-widget-heading .elementor-heading-title.elementor-size-small{font-size:15px}.elementor-widget-heading .elementor-heading-title.elementor-size-medium{font-size:19px}.elementor-widget-heading .elementor-heading-title.elementor-size-large{font-size:29px}.elementor-widget-heading .elementor-heading-title.elementor-size-xl{font-size:39px}.elementor-widget-heading .elementor-heading-title.elementor-size-xxl{font-size:59px}<\/style><h2 class=\"elementor-heading-title elementor-size-default\"><h2 class=\"elementor-heading-title elementor-size-default elementor-inline-editing pen\" data-elementor-setting-key=\"title\" data-pen-placeholder=\"\u00c9crivez ici...\" style=\"-webkit-font-smoothing: antialiased; clear: both; font-family: &quot;Times New Roman&quot;, sans-serif; font-size: 34px; line-height: 43px; max-width: var(--global--spacing-measure); color: rgb(40, 57, 80); text-align: justify;\">D\u00e9coration en ligne<br style=\"max-width: var(--global--spacing-measure);\">Votre devis en 1 min<\/h2><\/h2>\t\t<\/div>\n\t\t\t\t<\/div>\n\t\t\t\t\t<\/div>\n\t\t<\/div>\n\t\t\t\t\t\t\t<\/div>\n\t\t<\/section>\n\t\t\t\t<section class=\"elementor-section elementor-top-section elementor-element elementor-element-7c0aa33 elementor-section-boxed elementor-section-height-default elementor-section-height-default\" data-id=\"7c0aa33\" data-element_type=\"section\">\n\t\t\t\t\t\t<div class=\"elementor-container elementor-column-gap-default\">\n\t\t\t\t\t<div class=\"elementor-column elementor-col-100 elementor-top-column elementor-element elementor-element-64a433d\" data-id=\"64a433d\" data-element_type=\"column\">\n\t\t\t<div class=\"elementor-widget-wrap elementor-element-populated\">\n\t\t\t\t\t\t\t\t<section class=\"elementor-section elementor-inner-section elementor-element elementor-element-bab3e76 elementor-section-boxed elementor-section-height-default elementor-section-height-default\" data-id=\"bab3e76\" data-element_type=\"section\">\n\t\t\t\t\t\t<div class=\"elementor-container elementor-column-gap-default\">\n\t\t\t\t\t<div class=\"elementor-column elementor-col-50 elementor-inner-column elementor-element elementor-element-975209f\" data-id=\"975209f\" data-element_type=\"column\">\n\t\t\t<div class=\"elementor-widget-wrap elementor-element-populated\">\n\t\t\t\t\t\t\t\t<div class=\"elementor-element elementor-element-3f68361 elementor-widget elementor-widget-text-editor\" data-id=\"3f68361\" data-element_type=\"widget\" data-widget_type=\"text-editor.default\">\n\t\t\t\t<div class=\"elementor-widget-container\">\n\t\t\t<style>\/*! elementor - v3.8.0 - 30-10-2022 *\/\n.elementor-widget-text-editor.elementor-drop-cap-view-stacked .elementor-drop-cap{background-color:#818a91;color:#fff}.elementor-widget-text-editor.elementor-drop-cap-view-framed .elementor-drop-cap{color:#818a91;border:3px solid;background-color:transparent}.elementor-widget-text-editor:not(.elementor-drop-cap-view-default) .elementor-drop-cap{margin-top:8px}.elementor-widget-text-editor:not(.elementor-drop-cap-view-default) .elementor-drop-cap-letter{width:1em;height:1em}.elementor-widget-text-editor .elementor-drop-cap{float:left;text-align:center;line-height:1;font-size:50px}.elementor-widget-text-editor .elementor-drop-cap-letter{display:inline-block}<\/style>\t\t\t\t<p>Choisissez le type de pi\u00e8ce ou espace<\/p><p>que vous souhaitez d\u00e9corer parmi<\/p><p>les choix possibles<\/p>\t\t\t\t\t\t<\/div>\n\t\t\t\t<\/div>\n\t\t\t\t\t<\/div>\n\t\t<\/div>\n\t\t\t\t<div class=\"elementor-column elementor-col-50 elementor-inner-column elementor-element elementor-element-78e2bea\" data-id=\"78e2bea\" data-element_type=\"column\">\n\t\t\t<div class=\"elementor-widget-wrap elementor-element-populated\">\n\t\t\t\t\t\t\t\t<div class=\"elementor-element elementor-element-2f767b2 elementor-widget elementor-widget-image\" data-id=\"2f767b2\" data-element_type=\"widget\" data-widget_type=\"image.default\">\n\t\t\t\t<div class=\"elementor-widget-container\">\n\t\t\t<style>\/*! elementor - v3.8.0 - 30-10-2022 *\/\n.elementor-widget-image{text-align:center}.elementor-widget-image a{display:inline-block}.elementor-widget-image a img[src$=\".svg\"]{width:48px}.elementor-widget-image img{vertical-align:middle;display:inline-block}<\/style>\t\t\t\t\t\t\t\t\t\t\t\t<img width=\"150\" height=\"214\" src=\"https:\/\/www.moodeco.fr\/wp-content\/uploads\/2022\/08\/admin-ajax.png\" class=\"attachment-large size-large\" alt=\"\" loading=\"lazy\" \/>\t\t\t\t\t\t\t\t\t\t\t\t\t\t\t<\/div>\n\t\t\t\t<\/div>\n\t\t\t\t\t<\/div>\n\t\t<\/div>\n\t\t\t\t\t\t\t<\/div>\n\t\t<\/section>\n\t\t\t\t\t<\/div>\n\t\t<\/div>\n\t\t\t\t\t\t\t<\/div>\n\t\t<\/section>\n\t\t\t\t<section class=\"elementor-section elementor-top-section elementor-element elementor-element-b0c2f4a elementor-section-boxed elementor-section-height-default elementor-section-height-default\" data-id=\"b0c2f4a\" data-element_type=\"section\">\n\t\t\t\t\t\t<div class=\"elementor-container elementor-column-gap-default\">\n\t\t\t\t\t<div class=\"elementor-column elementor-col-100 elementor-top-column elementor-element elementor-element-d39520b\" data-id=\"d39520b\" data-element_type=\"column\">\n\t\t\t<div class=\"elementor-widget-wrap elementor-element-populated\">\n\t\t\t\t\t\t\t\t<section class=\"elementor-section elementor-inner-section elementor-element elementor-element-dd2431a elementor-section-boxed elementor-section-height-default elementor-section-height-default\" data-id=\"dd2431a\" data-element_type=\"section\">\n\t\t\t\t\t\t<div class=\"elementor-container elementor-column-gap-default\">\n\t\t\t\t\t<div class=\"elementor-column elementor-col-50 elementor-inner-column elementor-element elementor-element-9a9783d\" data-id=\"9a9783d\" data-element_type=\"column\">\n\t\t\t<div class=\"elementor-widget-wrap elementor-element-populated\">\n\t\t\t\t\t\t\t\t<div class=\"elementor-element elementor-element-d6edf64 elementor-widget elementor-widget-image\" data-id=\"d6edf64\" data-element_type=\"widget\" data-widget_type=\"image.default\">\n\t\t\t\t<div class=\"elementor-widget-container\">\n\t\t\t\t\t\t\t\t\t\t\t\t\t\t\t<img width=\"300\" height=\"255\" src=\"https:\/\/www.moodeco.fr\/wp-content\/uploads\/2022\/08\/piece-300x255-1.png\" class=\"attachment-large size-large\" alt=\"\" loading=\"lazy\" \/>\t\t\t\t\t\t\t\t\t\t\t\t\t\t\t<\/div>\n\t\t\t\t<\/div>\n\t\t\t\t\t<\/div>\n\t\t<\/div>\n\t\t\t\t<div class=\"elementor-column elementor-col-50 elementor-inner-column elementor-element elementor-element-9b30efb\" data-id=\"9b30efb\" data-element_type=\"column\">\n\t\t\t<div class=\"elementor-widget-wrap elementor-element-populated\">\n\t\t\t\t\t\t\t\t<div class=\"elementor-element elementor-element-698180e elementor-widget elementor-widget-text-editor\" data-id=\"698180e\" data-element_type=\"widget\" data-widget_type=\"text-editor.default\">\n\t\t\t\t<div class=\"elementor-widget-container\">\n\t\t\t\t\t\t\t<p style=\"padding: 0px; margin-bottom: 0px; -webkit-font-smoothing: antialiased; line-height: var(--wp--typography--line-height, var(--global--line-height-body)); max-width: var(--global--spacing-measure); color: #67adac; font-size: 18px; font-family: arial-nova; text-align: justify;\">Choisissez un style de d\u00e9coration parmi les s\u00e9lections possibles<\/p><p style=\"padding: 0px; margin-bottom: 0px; -webkit-font-smoothing: antialiased; line-height: var(--wp--typography--line-height, var(--global--line-height-body)); max-width: var(--global--spacing-measure); color: #67adac; font-size: 18px; font-family: arial-nova; text-align: justify;\">Vous pouvez aussi faire confiance \u00e0 notre\u00a0choix<\/p><p style=\"padding: 0px; margin-bottom: 0px; -webkit-font-smoothing: antialiased; line-height: var(--wp--typography--line-height, var(--global--line-height-body)); max-width: var(--global--spacing-measure); color: #67adac; font-size: 18px; font-family: arial-nova; text-align: justify;\">D\u00e9finissez votre budget, nos d\u00e9corateurs<\/p><p style=\"padding: 0px; margin-bottom: 0px; -webkit-font-smoothing: antialiased; line-height: var(--wp--typography--line-height, var(--global--line-height-body)); max-width: var(--global--spacing-measure); color: #67adac; font-size: 18px; font-family: arial-nova; text-align: justify;\">s\u2019adapteront.<\/p>\t\t\t\t\t\t<\/div>\n\t\t\t\t<\/div>\n\t\t\t\t\t<\/div>\n\t\t<\/div>\n\t\t\t\t\t\t\t<\/div>\n\t\t<\/section>\n\t\t\t\t\t<\/div>\n\t\t<\/div>\n\t\t\t\t\t\t\t<\/div>\n\t\t<\/section>\n\t\t\t\t<section class=\"elementor-section elementor-top-section elementor-element elementor-element-edc04d2 elementor-section-boxed elementor-section-height-default elementor-section-height-default\" data-id=\"edc04d2\" data-element_type=\"section\">\n\t\t\t\t\t\t<div class=\"elementor-container elementor-column-gap-default\">\n\t\t\t\t\t<div class=\"elementor-column elementor-col-33 elementor-top-column elementor-element elementor-element-a254b24\" data-id=\"a254b24\" data-element_type=\"column\">\n\t\t\t<div class=\"elementor-widget-wrap\">\n\t\t\t\t\t\t\t\t\t<\/div>\n\t\t<\/div>\n\t\t\t\t<div class=\"elementor-column elementor-col-33 elementor-top-column elementor-element elementor-element-f4058d7\" data-id=\"f4058d7\" data-element_type=\"column\">\n\t\t\t<div class=\"elementor-widget-wrap elementor-element-populated\">\n\t\t\t\t\t\t\t\t<div class=\"elementor-element elementor-element-f5346a9 elementor-widget elementor-widget-text-editor\" data-id=\"f5346a9\" data-element_type=\"widget\" data-widget_type=\"text-editor.default\">\n\t\t\t\t<div class=\"elementor-widget-container\">\n\t\t\t\t\t\t\t<p style=\"padding: 0px; margin-bottom: 0px; -webkit-font-smoothing: antialiased; line-height: var(--wp--typography--line-height, var(--global--line-height-body)); max-width: var(--global--spacing-measure); color: #67adac; font-size: 18px; font-family: arial-nova; text-align: justify;\">Envoyez-nous un croquis avec<\/p><p style=\"padding: 0px; margin-bottom: 0px; -webkit-font-smoothing: antialiased; line-height: var(--wp--typography--line-height, var(--global--line-height-body)); max-width: var(--global--spacing-measure); color: #67adac; font-size: 18px; font-family: arial-nova; text-align: justify;\">les dimensions des pi\u00e8ces \u00e0 d\u00e9corer,<\/p><p style=\"padding: 0px; margin-bottom: 0px; -webkit-font-smoothing: antialiased; line-height: var(--wp--typography--line-height, var(--global--line-height-body)); max-width: var(--global--spacing-measure); color: #67adac; font-size: 18px; font-family: arial-nova; text-align: justify;\">plus des photos via le suivi\u00a0<\/p><p style=\"padding: 0px; margin-bottom: 0px; -webkit-font-smoothing: antialiased; line-height: var(--wp--typography--line-height, var(--global--line-height-body)); max-width: var(--global--spacing-measure); color: #67adac; font-size: 18px; font-family: arial-nova; text-align: justify;\">de votre commande<\/p>\t\t\t\t\t\t<\/div>\n\t\t\t\t<\/div>\n\t\t\t\t\t<\/div>\n\t\t<\/div>\n\t\t\t\t<div class=\"elementor-column elementor-col-33 elementor-top-column elementor-element elementor-element-71ed464\" data-id=\"71ed464\" data-element_type=\"column\">\n\t\t\t<div class=\"elementor-widget-wrap elementor-element-populated\">\n\t\t\t\t\t\t\t\t<div class=\"elementor-element elementor-element-5c7f3ce elementor-widget elementor-widget-image\" data-id=\"5c7f3ce\" data-element_type=\"widget\" data-widget_type=\"image.default\">\n\t\t\t\t<div class=\"elementor-widget-container\">\n\t\t\t\t\t\t\t\t\t\t\t\t\t\t\t<img width=\"300\" height=\"189\" src=\"https:\/\/www.moodeco.fr\/wp-content\/uploads\/2022\/08\/style-1-300x189-1.png\" class=\"attachment-large size-large\" alt=\"\" loading=\"lazy\" \/>\t\t\t\t\t\t\t\t\t\t\t\t\t\t\t<\/div>\n\t\t\t\t<\/div>\n\t\t\t\t\t<\/div>\n\t\t<\/div>\n\t\t\t\t\t\t\t<\/div>\n\t\t<\/section>\n\t\t\t\t<section class=\"elementor-section elementor-top-section elementor-element elementor-element-b1f9fcd elementor-section-boxed elementor-section-height-default elementor-section-height-default\" data-id=\"b1f9fcd\" data-element_type=\"section\">\n\t\t\t\t\t\t<div class=\"elementor-container elementor-column-gap-default\">\n\t\t\t\t\t<div class=\"elementor-column elementor-col-33 elementor-top-column elementor-element elementor-element-5bbd50b\" data-id=\"5bbd50b\" data-element_type=\"column\">\n\t\t\t<div class=\"elementor-widget-wrap elementor-element-populated\">\n\t\t\t\t\t\t\t\t<div class=\"elementor-element elementor-element-0b58d89 elementor-widget elementor-widget-text-editor\" data-id=\"0b58d89\" data-element_type=\"widget\" data-widget_type=\"text-editor.default\">\n\t\t\t\t<div class=\"elementor-widget-container\">\n\t\t\t\t\t\t\t<p style=\"padding: 0px; margin-bottom: 0px; -webkit-font-smoothing: antialiased; line-height: var(--wp--typography--line-height, var(--global--line-height-body)); max-width: var(--global--spacing-measure); color: #67adac; font-size: 18px; font-family: arial-nova; text-align: justify;\">Envoyez-nous un croquis avec<\/p><p style=\"padding: 0px; margin-bottom: 0px; -webkit-font-smoothing: antialiased; line-height: var(--wp--typography--line-height, var(--global--line-height-body)); max-width: var(--global--spacing-measure); color: #67adac; font-size: 18px; font-family: arial-nova; text-align: justify;\">les dimensions des pi\u00e8ces \u00e0 d\u00e9corer,<\/p><p style=\"padding: 0px; margin-bottom: 0px; -webkit-font-smoothing: antialiased; line-height: var(--wp--typography--line-height, var(--global--line-height-body)); max-width: var(--global--spacing-measure); color: #67adac; font-size: 18px; font-family: arial-nova; text-align: justify;\">plus des photos via le suivi\u00a0<\/p><p style=\"padding: 0px; margin-bottom: 0px; -webkit-font-smoothing: antialiased; line-height: var(--wp--typography--line-height, var(--global--line-height-body)); max-width: var(--global--spacing-measure); color: #67adac; font-size: 18px; font-family: arial-nova; text-align: justify;\">de votre commande<\/p>\t\t\t\t\t\t<\/div>\n\t\t\t\t<\/div>\n\t\t\t\t\t<\/div>\n\t\t<\/div>\n\t\t\t\t<div class=\"elementor-column elementor-col-33 elementor-top-column elementor-element elementor-element-373203b\" data-id=\"373203b\" data-element_type=\"column\">\n\t\t\t<div class=\"elementor-widget-wrap elementor-element-populated\">\n\t\t\t\t\t\t\t\t<div class=\"elementor-element elementor-element-46754e6 elementor-widget elementor-widget-image\" data-id=\"46754e6\" data-element_type=\"widget\" data-widget_type=\"image.default\">\n\t\t\t\t<div class=\"elementor-widget-container\">\n\t\t\t\t\t\t\t\t\t\t\t\t\t\t\t<img width=\"150\" height=\"150\" src=\"https:\/\/www.moodeco.fr\/wp-content\/uploads\/2022\/08\/commande-150x150-1.png\" class=\"attachment-large size-large\" alt=\"\" loading=\"lazy\" srcset=\"https:\/\/www.moodeco.fr\/wp-content\/uploads\/2022\/08\/commande-150x150-1.png 150w, https:\/\/www.moodeco.fr\/wp-content\/uploads\/2022\/08\/commande-150x150-1-100x100.png 100w\" sizes=\"(max-width: 150px) 100vw, 150px\" \/>\t\t\t\t\t\t\t\t\t\t\t\t\t\t\t<\/div>\n\t\t\t\t<\/div>\n\t\t\t\t\t<\/div>\n\t\t<\/div>\n\t\t\t\t<div class=\"elementor-column elementor-col-33 elementor-top-column elementor-element elementor-element-c97b2d4\" data-id=\"c97b2d4\" data-element_type=\"column\">\n\t\t\t<div class=\"elementor-widget-wrap elementor-element-populated\">\n\t\t\t\t\t\t\t\t<div class=\"elementor-element elementor-element-8e272be elementor-widget elementor-widget-text-editor\" data-id=\"8e272be\" data-element_type=\"widget\" data-widget_type=\"text-editor.default\">\n\t\t\t\t<div class=\"elementor-widget-container\">\n\t\t\t\t\t\t\t<p style=\"padding: 0px; margin-bottom: 0px; -webkit-font-smoothing: antialiased; line-height: var(--wp--typography--line-height, var(--global--line-height-body)); max-width: var(--global--spacing-measure); color: rgb(0, 0, 0); font-size: 18px; font-family: arial-nova; text-align: center;\"><span style=\"font-weight: 700; max-width: var(--global--spacing-measure);\">Une question ?<\/span><\/p><div style=\"max-width: none; color: rgb(122, 122, 122); font-family: arial-nova; font-size: 18px; text-align: justify;\"><div style=\"max-width: none; text-align: center;\">Contactez notre Service Client<\/div><div style=\"max-width: none; text-align: center;\">09 66 97 23 14<\/div><\/div>\t\t\t\t\t\t<\/div>\n\t\t\t\t<\/div>\n\t\t\t\t\t<\/div>\n\t\t<\/div>\n\t\t\t\t\t\t\t<\/div>\n\t\t<\/section>\n\t\t\t\t<section class=\"elementor-section elementor-top-section elementor-element elementor-element-2d26715 elementor-section-boxed elementor-section-height-default elementor-section-height-default\" data-id=\"2d26715\" data-element_type=\"section\">\n\t\t\t\t\t\t<div class=\"elementor-container elementor-column-gap-default\">\n\t\t\t\t\t<div class=\"elementor-column elementor-col-100 elementor-top-column elementor-element elementor-element-bc87726\" data-id=\"bc87726\" data-element_type=\"column\">\n\t\t\t<div class=\"elementor-widget-wrap elementor-element-populated\">\n\t\t\t\t\t\t\t\t<div class=\"elementor-element elementor-element-2dbe06d elementor-align-center elementor-widget elementor-widget-button\" data-id=\"2dbe06d\" data-element_type=\"widget\" data-widget_type=\"button.default\">\n\t\t\t\t<div class=\"elementor-widget-container\">\n\t\t\t\t\t<div class=\"elementor-button-wrapper\">\n\t\t\t<a href=\"#\" class=\"elementor-button-link elementor-button elementor-size-sm\" role=\"button\">\n\t\t\t\t\t\t<span class=\"elementor-button-content-wrapper\">\n\t\t\t\t\t\t<span class=\"elementor-button-text\">D\u00e9marrer mon projet<\/span>\n\t\t<\/span>\n\t\t\t\t\t<\/a>\n\t\t<\/div>\n\t\t\t\t<\/div>\n\t\t\t\t<\/div>\n\t\t\t\t\t<\/div>\n\t\t<\/div>\n\t\t\t\t\t\t\t<\/div>\n\t\t<\/section>\n\t\t\t\t\t\t\t<\/div>\n\t\t","protected":false},"excerpt":{"rendered":"<p>D\u00e9coration en ligneVotre devis en 1 min Choisissez le type de pi\u00e8ce ou espace que vous souhaitez d\u00e9corer parmi les choix possibles Choisissez un style de d\u00e9coration parmi les s\u00e9lections possibles Vous pouvez aussi faire confiance \u00e0 notre\u00a0choix D\u00e9finissez votre budget, nos d\u00e9corateurs s\u2019adapteront. Envoyez-nous un croquis avec les dimensions [&hellip;]<\/p>\n","protected":false},"author":1,"featured_media":0,"parent":0,"menu_order":0,"comment_status":"closed","ping_status":"closed","template":"page-templates\/template-pagebuilder-full-width.php","meta":{"om_disable_all_campaigns":false,"_monsterinsights_skip_tracking":false,"_monsterinsights_sitenote_active":false,"_monsterinsights_sitenote_note":"","_monsterinsights_sitenote_category":0},"aioseo_notices":[],"_links":{"self":[{"href":"https:\/\/www.moodeco.fr\/index.php\/wp-json\/wp\/v2\/pages\/146"}],"collection":[{"href":"https:\/\/www.moodeco.fr\/index.php\/wp-json\/wp\/v2\/pages"}],"about":[{"href":"https:\/\/www.moodeco.fr\/index.php\/wp-json\/wp\/v2\/types\/page"}],"author":[{"embeddable":true,"href":"https:\/\/www.moodeco.fr\/index.php\/wp-json\/wp\/v2\/users\/1"}],"replies":[{"embeddable":true,"href":"https:\/\/www.moodeco.fr\/index.php\/wp-json\/wp\/v2\/comments?post=146"}],"version-history":[{"count":6,"href":"https:\/\/www.moodeco.fr\/index.php\/wp-json\/wp\/v2\/pages\/146\/revisions"}],"predecessor-version":[{"id":451,"href":"https:\/\/www.moodeco.fr\/index.php\/wp-json\/wp\/v2\/pages\/146\/revisions\/451"}],"wp:attachment":[{"href":"https:\/\/www.moodeco.fr\/index.php\/wp-json\/wp\/v2\/media?parent=146"}],"curies":[{"name":"wp","href":"https:\/\/api.w.org\/{rel}","templated":true}]}}